{"id":1107,"date":"2020-07-14T16:48:52","date_gmt":"2020-07-14T13:48:52","guid":{"rendered":"https:\/\/alanyatransfer.com\/?page_id=1107"},"modified":"2025-05-06T12:41:43","modified_gmt":"2025-05-06T09:41:43","slug":"booking-agreement","status":"publish","type":"page","link":"https:\/\/alanyatransfer.com\/tr\/booking-agreement\/","title":{"rendered":"Rezervasyon S\u00f6zle\u015fmesi"},"content":{"rendered":"<p>Sorunsuz bir transfer\u00a0 deneyimi i\u00e7in l\u00fctfen a\u015fa\u011f\u0131daki bilgileri okuyun!<\/p>\n<ul>\n<li>Havaliman\u0131na gelen misafirlerimiz i\u00e7in: \u015eof\u00f6r\u00fcm\u00fcz, terminalde \u00fczerinde {PASSANGER_NAME} ad\u0131n\u0131z\u0131n yaz\u0131l\u0131 oldu\u011fu bir tabela ile sizi kar\u015f\u0131layacakt\u0131r.<\/li>\n<li>Havaliman\u0131na gidecek misafirlerimiz i\u00e7in: \u015eof\u00f6r\u00fcm\u00fcz, belirtti\u011finiz saatte ve adreste sizi alarak g\u00fcvenli bir \u015fekilde havaliman\u0131na ula\u015ft\u0131racakt\u0131r.<\/li>\n<li>Kar\u015f\u0131lamada veya al\u0131n\u0131\u015f saatinde sorun ya\u015fanmamas\u0131 i\u00e7in rezervasyon s\u0131ras\u0131nda telefon numaras\u0131n\u0131n tam ve eksiksiz bildirilmesi m\u00fc\u015fterinin sorumlulu\u011fundad\u0131r, aksi takdirde kar\u015f\u0131la\u015f\u0131lacak sorunlardan {SITE_NAME} sorumlu tutulamaz.<\/li>\n<li>D\u00f6n\u00fc\u015f rezervasyonu yap\u0131lmad\u0131ysa. l\u00fctfen {SITE_URL} web sayfam\u0131z \u00fczerinde yap\u0131n\u0131z.<\/li>\n<li>D\u00f6n\u00fc\u015f rezervasyon bilgisini kesinlikle \u015fof\u00f6re vermeyiniz.<\/li>\n<li>Rezervasyon bilgisi i\u00e7in \u015fof\u00f6r\u00fc aramay\u0131n\u0131z.<\/li>\n<li>Ara\u00e7lar\u0131m\u0131zda t\u00fct\u00fcn ve sigara i\u00e7ilmez.<\/li>\n<li>{IFSRC:L\u00fctfen rezervasyon formundaki para miktar\u0131n\u0131 eksiksiz olarak haz\u0131r bulundurun.:(APP,WEB ,WDG, PNL)}<\/li>\n<li>Herhangi bir sorununuz olursa l\u00fctfen benimle ileti\u015fime ge\u00e7in: {HOTLINE1} {HOTLINE2}<\/li>\n<\/ul>\n","protected":false},"excerpt":{"rendered":"<p>Sorunsuz bir transfer\u00a0 deneyimi i\u00e7in l\u00fctfen a\u015fa\u011f\u0131daki bilgileri okuyun! Havaliman\u0131na gelen misafirlerimiz i\u00e7in: \u015eof\u00f6r\u00fcm\u00fcz, terminalde \u00fczerinde {PASSANGER_NAME} ad\u0131n\u0131z\u0131n yaz\u0131l\u0131 oldu\u011fu bir tabela ile sizi kar\u015f\u0131layacakt\u0131r. Havaliman\u0131na gidecek misafirlerimiz i\u00e7in: \u015eof\u00f6r\u00fcm\u00fcz, [&hellip;]<\/p>\n","protected":false},"author":1,"featured_media":0,"parent":0,"menu_order":0,"comment_status":"closed","ping_status":"closed","template":"blank.php","meta":{"footnotes":""},"_links":{"self":[{"href":"https:\/\/alanyatransfer.com\/tr\/wp-json\/wp\/v2\/pages\/1107"}],"collection":[{"href":"https:\/\/alanyatransfer.com\/tr\/wp-json\/wp\/v2\/pages"}],"about":[{"href":"https:\/\/alanyatransfer.com\/tr\/wp-json\/wp\/v2\/types\/page"}],"author":[{"embeddable":true,"href":"https:\/\/alanyatransfer.com\/tr\/wp-json\/wp\/v2\/users\/1"}],"replies":[{"embeddable":true,"href":"https:\/\/alanyatransfer.com\/tr\/wp-json\/wp\/v2\/comments?post=1107"}],"version-history":[{"count":5,"href":"https:\/\/alanyatransfer.com\/tr\/wp-json\/wp\/v2\/pages\/1107\/revisions"}],"predecessor-version":[{"id":18918,"href":"https:\/\/alanyatransfer.com\/tr\/wp-json\/wp\/v2\/pages\/1107\/revisions\/18918"}],"wp:attachment":[{"href":"https:\/\/alanyatransfer.com\/tr\/wp-json\/wp\/v2\/media?parent=1107"}],"curies":[{"name":"wp","href":"https:\/\/api.w.org\/{rel}","templated":true}]}}