{"id":8147,"date":"2026-05-08T20:50:37","date_gmt":"2026-05-08T17:50:37","guid":{"rendered":"https:\/\/alanyatransfer.com\/?page_id=8147"},"modified":"2026-05-08T20:58:08","modified_gmt":"2026-05-08T17:58:08","slug":"demo","status":"publish","type":"page","link":"https:\/\/alanyatransfer.com\/sv\/demo\/","title":{"rendered":"(English) Demo"},"content":{"rendered":"<p class=\"qtranxs-available-languages-message qtranxs-available-languages-message-sv\">Tyv\u00e4rr \u00e4r denna artikel enbart tillg\u00e4nglig p\u00e5 <a href=\"https:\/\/alanyatransfer.com\/en\/wp-json\/wp\/v2\/pages\/8147\" class=\"qtranxs-available-language-link qtranxs-available-language-link-en\" title=\"English\">English<\/a>.<\/p>\n","protected":false},"excerpt":{"rendered":"<p>Tyv\u00e4rr \u00e4r denna artikel enbart tillg\u00e4nglig p\u00e5 English.<\/p>\n","protected":false},"author":1,"featured_media":0,"parent":0,"menu_order":0,"comment_status":"closed","ping_status":"closed","template":"","meta":{"footnotes":""},"_links":{"self":[{"href":"https:\/\/alanyatransfer.com\/sv\/wp-json\/wp\/v2\/pages\/8147"}],"collection":[{"href":"https:\/\/alanyatransfer.com\/sv\/wp-json\/wp\/v2\/pages"}],"about":[{"href":"https:\/\/alanyatransfer.com\/sv\/wp-json\/wp\/v2\/types\/page"}],"author":[{"embeddable":true,"href":"https:\/\/alanyatransfer.com\/sv\/wp-json\/wp\/v2\/users\/1"}],"replies":[{"embeddable":true,"href":"https:\/\/alanyatransfer.com\/sv\/wp-json\/wp\/v2\/comments?post=8147"}],"version-history":[{"count":4,"href":"https:\/\/alanyatransfer.com\/sv\/wp-json\/wp\/v2\/pages\/8147\/revisions"}],"predecessor-version":[{"id":24700,"href":"https:\/\/alanyatransfer.com\/sv\/wp-json\/wp\/v2\/pages\/8147\/revisions\/24700"}],"wp:attachment":[{"href":"https:\/\/alanyatransfer.com\/sv\/wp-json\/wp\/v2\/media?parent=8147"}],"curies":[{"name":"wp","href":"https:\/\/api.w.org\/{rel}","templated":true}]}}