{"id":1107,"date":"2020-07-14T16:48:52","date_gmt":"2020-07-14T13:48:52","guid":{"rendered":"https:\/\/alanyatransfer.com\/?page_id=1107"},"modified":"2025-05-06T12:41:43","modified_gmt":"2025-05-06T09:41:43","slug":"booking-agreement","status":"publish","type":"page","link":"https:\/\/alanyatransfer.com\/sv\/booking-agreement\/","title":{"rendered":"Bokningsavtal"},"content":{"rendered":"<p>L\u00e4s informationen nedan f\u00f6r att f\u00e5 en smidig \u00f6verf\u00f6ring!<\/p>\n<ul>\n<li>F\u00f6r v\u00e5ra g\u00e4ster som anl\u00e4nder till flygplatsen: V\u00e5r chauff\u00f6r v\u00e4ntar p\u00e5 dig vid terminalen med en skylt som visar ditt namn. {PASSANGER_NAME}<\/li>\n<li>F\u00f6r v\u00e5ra g\u00e4ster som avg\u00e5r till flygplatsen: V\u00e5r chauff\u00f6r h\u00e4mtar dig vid angiven tid och plats och s\u00e4kerst\u00e4ller en s\u00e4ker transfer till flygplatsen.<\/li>\n<li>Om du inte gjorde din returbokning, v\u00e4nligen g\u00f6r det via webbsidan. {SITE_URL}<\/li>\n<li>Dela inte returbokningsinformationen med f\u00f6raren.<\/li>\n<li>Ingen tobak och r\u00f6kning i v\u00e5ra fordon.<\/li>\n<li>Det \u00e4r kundens ansvar att ange det fullst\u00e4ndiga och fullst\u00e4ndiga telefonnumret vid bokningstillf\u00e4llet f\u00f6r att undvika problem under mottagning eller ankomsttid, annars kan {SITE_NAME} inte h\u00e5llas ansvarigt f\u00f6r eventuella problem.<\/li>\n<li>{IFSRC:V\u00e4nligen ha beloppet fr\u00e5n bokningsformul\u00e4ret till hands.:(APP,WEB ,WDG, PNL)}<\/li>\n<li>Kontakta mig om du har n\u00e5gra problem: {HOTLINE1} {HOTLINE2}<\/li>\n<\/ul>\n","protected":false},"excerpt":{"rendered":"<p>L\u00e4s informationen nedan f\u00f6r att f\u00e5 en smidig \u00f6verf\u00f6ring! F\u00f6r v\u00e5ra g\u00e4ster som anl\u00e4nder till flygplatsen: V\u00e5r chauff\u00f6r v\u00e4ntar p\u00e5 dig vid terminalen med en skylt som visar ditt namn. [&hellip;]<\/p>\n","protected":false},"author":1,"featured_media":0,"parent":0,"menu_order":0,"comment_status":"closed","ping_status":"closed","template":"blank.php","meta":{"footnotes":""},"_links":{"self":[{"href":"https:\/\/alanyatransfer.com\/sv\/wp-json\/wp\/v2\/pages\/1107"}],"collection":[{"href":"https:\/\/alanyatransfer.com\/sv\/wp-json\/wp\/v2\/pages"}],"about":[{"href":"https:\/\/alanyatransfer.com\/sv\/wp-json\/wp\/v2\/types\/page"}],"author":[{"embeddable":true,"href":"https:\/\/alanyatransfer.com\/sv\/wp-json\/wp\/v2\/users\/1"}],"replies":[{"embeddable":true,"href":"https:\/\/alanyatransfer.com\/sv\/wp-json\/wp\/v2\/comments?post=1107"}],"version-history":[{"count":5,"href":"https:\/\/alanyatransfer.com\/sv\/wp-json\/wp\/v2\/pages\/1107\/revisions"}],"predecessor-version":[{"id":18918,"href":"https:\/\/alanyatransfer.com\/sv\/wp-json\/wp\/v2\/pages\/1107\/revisions\/18918"}],"wp:attachment":[{"href":"https:\/\/alanyatransfer.com\/sv\/wp-json\/wp\/v2\/media?parent=1107"}],"curies":[{"name":"wp","href":"https:\/\/api.w.org\/{rel}","templated":true}]}}