{"id":1107,"date":"2020-07-14T16:48:52","date_gmt":"2020-07-14T13:48:52","guid":{"rendered":"https:\/\/alanyatransfer.com\/?page_id=1107"},"modified":"2025-05-06T12:41:43","modified_gmt":"2025-05-06T09:41:43","slug":"booking-agreement","status":"publish","type":"page","link":"https:\/\/alanyatransfer.com\/no\/booking-agreement\/","title":{"rendered":"Bestillingsavtale"},"content":{"rendered":"<p>Les informasjonen nedenfor for \u00e5 oppleve en jevn overf\u00f8ring!<\/p>\n<ul>\n<li>For v\u00e5re gjester som ankommer flyplassen: Sj\u00e5f\u00f8ren v\u00e5r venter p\u00e5 deg ved terminalen med et skilt som viser navnet ditt. {PASSANGER_NAME}<\/li>\n<li>For v\u00e5re gjester som reiser til flyplassen: Sj\u00e5f\u00f8ren v\u00e5r henter deg til angitt tid og sted og s\u00f8rger for en trygg transport til flyplassen.<\/li>\n<li>Hvis du ikke bestilte retur, vennligst gj\u00f8r det via websiden. {SITE_URL}<\/li>\n<li>Ikke del informasjonen om returbestilling med sj\u00e5f\u00f8ren.<\/li>\n<li>Ingen tobakk og r\u00f8yking i kj\u00f8ret\u00f8yene v\u00e5re.<\/li>\n<li>Det er kundens ansvar \u00e5 oppgi det fulle og komplette telefonnummeret ved bestilling for \u00e5 unng\u00e5 problemer under mottaket eller ankomsttidspunktet, ellers kan ikke {SITE_NAME} holdes ansvarlig for eventuelle problemer.<\/li>\n<li>{IFSRC:Vennligst ha bel\u00f8pet i reservasjonsskjemaet klart.:(APP,WEB ,WDG, PNL)}<\/li>\n<li>Ta kontakt med meg hvis du har problemer: {HOTLINE1} {HOTLINE2}<\/li>\n<\/ul>\n","protected":false},"excerpt":{"rendered":"<p>Les informasjonen nedenfor for \u00e5 oppleve en jevn overf\u00f8ring! For v\u00e5re gjester som ankommer flyplassen: Sj\u00e5f\u00f8ren v\u00e5r venter p\u00e5 deg ved terminalen med et skilt som viser navnet ditt. {PASSANGER_NAME} [&hellip;]<\/p>\n","protected":false},"author":1,"featured_media":0,"parent":0,"menu_order":0,"comment_status":"closed","ping_status":"closed","template":"blank.php","meta":{"footnotes":""},"_links":{"self":[{"href":"https:\/\/alanyatransfer.com\/no\/wp-json\/wp\/v2\/pages\/1107"}],"collection":[{"href":"https:\/\/alanyatransfer.com\/no\/wp-json\/wp\/v2\/pages"}],"about":[{"href":"https:\/\/alanyatransfer.com\/no\/wp-json\/wp\/v2\/types\/page"}],"author":[{"embeddable":true,"href":"https:\/\/alanyatransfer.com\/no\/wp-json\/wp\/v2\/users\/1"}],"replies":[{"embeddable":true,"href":"https:\/\/alanyatransfer.com\/no\/wp-json\/wp\/v2\/comments?post=1107"}],"version-history":[{"count":5,"href":"https:\/\/alanyatransfer.com\/no\/wp-json\/wp\/v2\/pages\/1107\/revisions"}],"predecessor-version":[{"id":18918,"href":"https:\/\/alanyatransfer.com\/no\/wp-json\/wp\/v2\/pages\/1107\/revisions\/18918"}],"wp:attachment":[{"href":"https:\/\/alanyatransfer.com\/no\/wp-json\/wp\/v2\/media?parent=1107"}],"curies":[{"name":"wp","href":"https:\/\/api.w.org\/{rel}","templated":true}]}}