{"id":1107,"date":"2020-07-14T16:48:52","date_gmt":"2020-07-14T13:48:52","guid":{"rendered":"https:\/\/alanyatransfer.com\/?page_id=1107"},"modified":"2025-05-06T12:41:43","modified_gmt":"2025-05-06T09:41:43","slug":"booking-agreement","status":"publish","type":"page","link":"https:\/\/alanyatransfer.com\/fi\/booking-agreement\/","title":{"rendered":"Varaussopimus"},"content":{"rendered":"<p>Lue alla olevat tiedot kokeaksesi sujuvan siirron!<\/p>\n<ul>\n<li>Lentokent\u00e4lle saapuville vieraillemme: Kuljettajamme odottaa sinua terminaalissa nimikyltill\u00e4. {PASSANGER_NAME}<\/li>\n<li>Lentokent\u00e4lle l\u00e4hteville vieraillemme: Kuljettajamme noutaa sinut m\u00e4\u00e4ritettyyn aikaan ja paikasta ja varmistaa turvallisen kuljetuksen lentokent\u00e4lle.<\/li>\n<li>Jos et tehnyt paluuvarausta, tee se verkkosivun kautta. {SITE_URL}<\/li>\n<li>\u00c4l\u00e4 jaa paluuvaraustietoja kuljettajalle.<\/li>\n<li>Ei tupakkaa ja tupakointia ajoneuvoissamme.<\/li>\n<li>Asiakkaan vastuulla on antaa t\u00e4ydellinen ja t\u00e4ydellinen puhelinnumero varauksen yhteydess\u00e4, jotta v\u00e4ltet\u00e4\u00e4n ongelmat vastaanoton tai saapumisajan aikana, muuten {SITE_NAME} ei ole vastuussa mahdollisista ongelmista.<\/li>\n<li>{IFSRC:Pid\u00e4 varauslomakkeessa oleva rahasumma t\u00e4ysin valmiina.:(APP,WEB ,WDG, PNL)}<\/li>\n<li>Ota yhteys minuun, jos sinulla on ongelmia: {HOTLINE1} {HOTLINE2}<\/li>\n<\/ul>\n","protected":false},"excerpt":{"rendered":"<p>Lue alla olevat tiedot kokeaksesi sujuvan siirron! Lentokent\u00e4lle saapuville vieraillemme: Kuljettajamme odottaa sinua terminaalissa nimikyltill\u00e4. {PASSANGER_NAME} Lentokent\u00e4lle l\u00e4hteville vieraillemme: Kuljettajamme noutaa sinut m\u00e4\u00e4ritettyyn aikaan ja paikasta ja varmistaa turvallisen kuljetuksen [&hellip;]<\/p>\n","protected":false},"author":1,"featured_media":0,"parent":0,"menu_order":0,"comment_status":"closed","ping_status":"closed","template":"blank.php","meta":{"footnotes":""},"_links":{"self":[{"href":"https:\/\/alanyatransfer.com\/fi\/wp-json\/wp\/v2\/pages\/1107"}],"collection":[{"href":"https:\/\/alanyatransfer.com\/fi\/wp-json\/wp\/v2\/pages"}],"about":[{"href":"https:\/\/alanyatransfer.com\/fi\/wp-json\/wp\/v2\/types\/page"}],"author":[{"embeddable":true,"href":"https:\/\/alanyatransfer.com\/fi\/wp-json\/wp\/v2\/users\/1"}],"replies":[{"embeddable":true,"href":"https:\/\/alanyatransfer.com\/fi\/wp-json\/wp\/v2\/comments?post=1107"}],"version-history":[{"count":5,"href":"https:\/\/alanyatransfer.com\/fi\/wp-json\/wp\/v2\/pages\/1107\/revisions"}],"predecessor-version":[{"id":18918,"href":"https:\/\/alanyatransfer.com\/fi\/wp-json\/wp\/v2\/pages\/1107\/revisions\/18918"}],"wp:attachment":[{"href":"https:\/\/alanyatransfer.com\/fi\/wp-json\/wp\/v2\/media?parent=1107"}],"curies":[{"name":"wp","href":"https:\/\/api.w.org\/{rel}","templated":true}]}}