{"id":1107,"date":"2020-07-14T16:48:52","date_gmt":"2020-07-14T13:48:52","guid":{"rendered":"https:\/\/alanyatransfer.com\/?page_id=1107"},"modified":"2025-05-06T12:41:43","modified_gmt":"2025-05-06T09:41:43","slug":"booking-agreement","status":"publish","type":"page","link":"https:\/\/alanyatransfer.com\/de\/booking-agreement\/","title":{"rendered":"Buchungsvereinbarung"},"content":{"rendered":"<p>Bitte lesen Sie die folgenden Informationen, um einen reibungslosen Transfer zu gew\u00e4hrleisten!<\/p>\n<ul>\n<li>F\u00fcr unsere G\u00e4ste, die am Flughafen ankommen: Unser Fahrer erwartet Sie am Terminal mit einem Schild mit Ihrem Namen. {PASSANGER_NAME}<\/li>\n<li>F\u00fcr unsere G\u00e4ste, die zum Flughafen abreisen: Unser Fahrer holt Sie zur vereinbarten Zeit und am vereinbarten Ort ab und sorgt f\u00fcr einen sicheren Transfer zum Flughafen.<\/li>\n<li>Wenn Sie Ihre R\u00fcckbuchung nicht vorgenommen haben, tun Sie dies bitte \u00fcber die Webseite. {SITE_URL}<\/li>\n<li>Bitte teilen Sie die R\u00fcckbuchungsinformationen nicht mit dem Fahrer.<\/li>\n<li>Kein Tabak und Rauchen in unseren Fahrzeugen.<\/li>\n<li>Es liegt in der Verantwortung des Kunden, zum Zeitpunkt der Reservierung die vollst\u00e4ndige Telefonnummer anzugeben, um Probleme w\u00e4hrend des Empfangs oder der Ankunftszeit zu vermeiden. Andernfalls kann {SITE_NAME} nicht f\u00fcr auftretende Probleme verantwortlich gemacht werden.<\/li>\n<li>{IFSRC:Bitte halten Sie den im Reservierungsformular angegebenen Geldbetrag vollst\u00e4ndig bereit.:(APP,WEB ,WDG, PNL)}<\/li>\n<li>Bitte kontaktieren Sie mich, wenn Sie Probleme haben: {HOTLINE1} {HOTLINE2}<\/li>\n<\/ul>\n","protected":false},"excerpt":{"rendered":"<p>Bitte lesen Sie die folgenden Informationen, um einen reibungslosen Transfer zu gew\u00e4hrleisten! F\u00fcr unsere G\u00e4ste, die am Flughafen ankommen: Unser Fahrer erwartet Sie am Terminal mit einem Schild mit Ihrem [&hellip;]<\/p>\n","protected":false},"author":1,"featured_media":0,"parent":0,"menu_order":0,"comment_status":"closed","ping_status":"closed","template":"blank.php","meta":{"footnotes":""},"_links":{"self":[{"href":"https:\/\/alanyatransfer.com\/de\/wp-json\/wp\/v2\/pages\/1107"}],"collection":[{"href":"https:\/\/alanyatransfer.com\/de\/wp-json\/wp\/v2\/pages"}],"about":[{"href":"https:\/\/alanyatransfer.com\/de\/wp-json\/wp\/v2\/types\/page"}],"author":[{"embeddable":true,"href":"https:\/\/alanyatransfer.com\/de\/wp-json\/wp\/v2\/users\/1"}],"replies":[{"embeddable":true,"href":"https:\/\/alanyatransfer.com\/de\/wp-json\/wp\/v2\/comments?post=1107"}],"version-history":[{"count":5,"href":"https:\/\/alanyatransfer.com\/de\/wp-json\/wp\/v2\/pages\/1107\/revisions"}],"predecessor-version":[{"id":18918,"href":"https:\/\/alanyatransfer.com\/de\/wp-json\/wp\/v2\/pages\/1107\/revisions\/18918"}],"wp:attachment":[{"href":"https:\/\/alanyatransfer.com\/de\/wp-json\/wp\/v2\/media?parent=1107"}],"curies":[{"name":"wp","href":"https:\/\/api.w.org\/{rel}","templated":true}]}}