{"id":1107,"date":"2020-07-14T16:48:52","date_gmt":"2020-07-14T13:48:52","guid":{"rendered":"https:\/\/alanyatransfer.com\/?page_id=1107"},"modified":"2025-05-06T12:41:43","modified_gmt":"2025-05-06T09:41:43","slug":"booking-agreement","status":"publish","type":"page","link":"https:\/\/alanyatransfer.com\/da\/booking-agreement\/","title":{"rendered":"Reservationsaftale"},"content":{"rendered":"<p>L\u00e6s oplysningerne nedenfor for at opleve en j\u00e6vn overf\u00f8rsel!<\/p>\n<ul>\n<li>For vores g\u00e6ster, der ankommer til lufthavnen: Vores chauff\u00f8r venter p\u00e5 dig ved terminalen med et skilt, der viser dit navn. {PASSANGER_NAME}<\/li>\n<li>For vores g\u00e6ster, der rejser til lufthavnen: Vores chauff\u00f8r henter dig p\u00e5 det angivne tidspunkt og sted og sikrer en sikker transport til lufthavnen.<\/li>\n<li>Hvis du ikke foretog din returreservation, bedes du g\u00f8re det via websiden. {SITE_URL}<\/li>\n<li>Del ikke oplysningerne om returreservation med chauff\u00f8ren.<\/li>\n<li>Ingen tobak og rygning i vores k\u00f8ret\u00f8jer.<\/li>\n<li>Det er kundens ansvar at angive det fulde og komplette telefonnummer p\u00e5 reservationstidspunktet for at undg\u00e5 problemer under modtagelsen eller ankomsttidspunktet, ellers kan {SITE_NAME} ikke holdes ansvarlig for eventuelle problemer, der opst\u00e5r.<\/li>\n<li>{IFSRC:Hav venligst bel\u00f8bet fra reservationsformularen klar.:(APP,WEB ,WDG, PNL)}<\/li>\n<li>Kontakt mig, hvis du har problemer: {HOTLINE1} {HOTLINE2}<\/li>\n<\/ul>\n","protected":false},"excerpt":{"rendered":"<p>L\u00e6s oplysningerne nedenfor for at opleve en j\u00e6vn overf\u00f8rsel! For vores g\u00e6ster, der ankommer til lufthavnen: Vores chauff\u00f8r venter p\u00e5 dig ved terminalen med et skilt, der viser dit navn. [&hellip;]<\/p>\n","protected":false},"author":1,"featured_media":0,"parent":0,"menu_order":0,"comment_status":"closed","ping_status":"closed","template":"blank.php","meta":{"footnotes":""},"_links":{"self":[{"href":"https:\/\/alanyatransfer.com\/da\/wp-json\/wp\/v2\/pages\/1107"}],"collection":[{"href":"https:\/\/alanyatransfer.com\/da\/wp-json\/wp\/v2\/pages"}],"about":[{"href":"https:\/\/alanyatransfer.com\/da\/wp-json\/wp\/v2\/types\/page"}],"author":[{"embeddable":true,"href":"https:\/\/alanyatransfer.com\/da\/wp-json\/wp\/v2\/users\/1"}],"replies":[{"embeddable":true,"href":"https:\/\/alanyatransfer.com\/da\/wp-json\/wp\/v2\/comments?post=1107"}],"version-history":[{"count":5,"href":"https:\/\/alanyatransfer.com\/da\/wp-json\/wp\/v2\/pages\/1107\/revisions"}],"predecessor-version":[{"id":18918,"href":"https:\/\/alanyatransfer.com\/da\/wp-json\/wp\/v2\/pages\/1107\/revisions\/18918"}],"wp:attachment":[{"href":"https:\/\/alanyatransfer.com\/da\/wp-json\/wp\/v2\/media?parent=1107"}],"curies":[{"name":"wp","href":"https:\/\/api.w.org\/{rel}","templated":true}]}}